{"id":15300,"date":"2025-03-15T12:15:41","date_gmt":"2025-03-15T10:15:41","guid":{"rendered":"https:\/\/visitsandonatovaldicomino.it\/?page_id=15300"},"modified":"2025-03-15T12:16:50","modified_gmt":"2025-03-15T10:16:50","slug":"dsa","status":"publish","type":"page","link":"https:\/\/beta.visitsandonatovaldicomino.it\/es\/dsa\/","title":{"rendered":"Ley de Servicios Digitales"},"content":{"rendered":"<div data-elementor-type=\"wp-page\" data-elementor-id=\"15300\" class=\"elementor elementor-15300\" data-elementor-post-type=\"page\">\n\t\t\t\t<div class=\"elementor-element elementor-element-9d47e00 e-con-full e-flex e-con e-parent\" data-id=\"9d47e00\" data-element_type=\"container\" data-e-type=\"container\">\n\t\t\t\t<div class=\"elementor-element elementor-element-ca27096 elementor-widget elementor-widget-template\" data-id=\"ca27096\" data-element_type=\"widget\" data-e-type=\"widget\" data-widget_type=\"template.default\">\n\t\t\t\t<div class=\"elementor-widget-container\">\n\t\t\t\t\t\t\t<div class=\"elementor-template\">\n\t\t\t\t\t<div data-elementor-type=\"container\" data-elementor-id=\"1691\" class=\"elementor elementor-1691\" data-elementor-post-type=\"elementor_library\">\n\t\t\t\t<section class=\"elementor-element elementor-element-42700f7 pagetitle-header e-flex e-con-boxed e-con e-parent\" data-id=\"42700f7\" data-element_type=\"container\" data-e-type=\"container\" data-settings=\"{&quot;background_background&quot;:&quot;classic&quot;}\">\n\t\t\t\t\t<div class=\"e-con-inner\">\n\t\t\t\t<div class=\"elementor-element elementor-element-0de2a62 elementor-widget__width-inherit elementor-widget elementor-widget-heading\" data-id=\"0de2a62\" data-element_type=\"widget\" data-e-type=\"widget\" data-widget_type=\"heading.default\">\n\t\t\t\t\t<h1 class=\"elementor-heading-title elementor-size-default\">Ley de Servicios Digitales<\/h1>\t\t\t\t<\/div>\n\t\t\t\t<div class=\"elementor-element elementor-element-93259c7 elementor-widget elementor-widget-breadcrumbs\" data-id=\"93259c7\" data-element_type=\"widget\" data-e-type=\"widget\" data-widget_type=\"breadcrumbs.default\">\n\t\t\t\t\t<p id=\"breadcrumbs\"><span><span><a href=\"https:\/\/beta.visitsandonatovaldicomino.it\/es\/\">Inicio<\/a><\/span><\/span><\/p>\t\t\t\t<\/div>\n\t\t\t\t\t<\/div>\n\t\t\t\t<\/section>\n\t\t\t\t<\/div>\n\t\t\t\t<\/div>\n\t\t\t\t\t\t<\/div>\n\t\t\t\t<\/div>\n\t\t\t\t<\/div>\n\t\t<div class=\"elementor-element elementor-element-844b684 e-flex e-con-boxed e-con e-parent\" data-id=\"844b684\" data-element_type=\"container\" data-e-type=\"container\">\n\t\t\t\t\t<div class=\"e-con-inner\">\n\t\t\t\t<div class=\"elementor-element elementor-element-de51362 elementor-widget elementor-widget-text-editor\" data-id=\"de51362\" data-element_type=\"widget\" data-e-type=\"widget\" data-widget_type=\"text-editor.default\">\n\t\t\t\t\t\t\t\t\t<div class=\"r-col-8 r-content-small\"><div class=\"r-container r-text-block\"><p id=\"p_lt_zoneContent_pageplaceholder_p_lt_zoneContent_Bernina_ParagraphTitleText_litParagraph\">La Ley de Servicios Digitales (DSD, Reglamento (UE) 2022\/2065) es un reglamento de la UE que entr\u00f3 en vigor el 16 de noviembre de 2022. Este Reglamento tiene por objeto contribuir al buen funcionamiento del mercado interior de los servicios de intermediaci\u00f3n mediante el establecimiento de normas armonizadas para un entorno en l\u00ednea seguro, previsible y digno de confianza que promueva la innovaci\u00f3n y proteja eficazmente los derechos fundamentales consagrados en la Carta, incluido el principio de protecci\u00f3n de los consumidores.<\/p><\/div><div class=\"r-container r-text-block\"><p id=\"p_lt_zoneContent_pageplaceholder_p_lt_zoneContent_Bernina_ParagraphTitleText1_litParagraph\">En la medida en que Netlogic Lab di Alessio Pellegrini (en lo sucesivo, \"Visit San Donato Val di Comino\") es un proveedor de servicios intermediario en el sentido de la DSA, se aplica lo siguiente:<\/p><\/div><div class=\"r-container r-text-block\"><h3 id=\"p_lt_zoneContent_pageplaceholder_p_lt_zoneContent_Bernina_ParagraphTitleText2_litTitleH3\">1. Punto de contacto para las autoridades de los Estados miembros, la Comisi\u00f3n y el Consejo de Administraci\u00f3n, as\u00ed como para los usuarios en virtud de los art\u00edculos 11 y 12 de la DSA.<\/h3><p id=\"p_lt_zoneContent_pageplaceholder_p_lt_zoneContent_Bernina_ParagraphTitleText2_litParagraph\">protecci\u00f3n cruzada<br \/>Laboratorio Netlogic<br \/>Via Mevati 1<br \/>San Donato Val di Comino (FR)<br \/>03046, Italia<\/p><p>Correo electr\u00f3nico: <a href=\"mailto:info@netlogiclab.it\">info@netlogiclab.it<\/a><\/p><p>Puede comunicarse con nosotros en italiano o ingl\u00e9s.\u00a0<\/p><\/div><div class=\"r-container r-text-block\"><h3 id=\"p_lt_zoneContent_pageplaceholder_p_lt_zoneContent_Bernina_ParagraphTitleText3_litTitleH3\">2. Representante legal en el sentido del art. 13 del DSA<\/h3><p id=\"p_lt_zoneContent_pageplaceholder_p_lt_zoneContent_Bernina_ParagraphTitleText3_litParagraph\">protecci\u00f3n cruzada<br \/>Laboratorio Netlogic<br \/>Via Mevati 1<br \/>San Donato Val di Comino (FR)<br \/>03046, Italia<\/p><\/div><div class=\"r-container r-text-block\"><h3 id=\"p_lt_zoneContent_pageplaceholder_p_lt_zoneContent_Bernina_ParagraphTitleText4_litTitleH3\">3. Informe de transparencia con arreglo a los art\u00edculos 15 y 24 de la DSA<\/h3><p id=\"p_lt_zoneContent_pageplaceholder_p_lt_zoneContent_Bernina_ParagraphTitleText4_litParagraph\">El Informe de Transparencia, que debe estar disponible una vez al a\u00f1o de conformidad con el art\u00edculo 15, apartado 1 de la DSA y que incluye las moderaciones de contenido realizadas durante el periodo anual en cuesti\u00f3n, se publica aqu\u00ed una vez al a\u00f1o tras su elaboraci\u00f3n.<\/p><p>El n\u00famero medio de usuarios activos mensuales en la UE en los \u00faltimos seis meses, seg\u00fan el apartado 2 del art\u00edculo 24 de la DSA, fue significativamente inferior al umbral decisivo de 45 millones de usuarios.<\/p><\/div><div class=\"r-container r-text-block\"><h3 id=\"p_lt_zoneContent_pageplaceholder_p_lt_zoneContent_Bernina_ParagraphTitleText5_litTitleH3\">4. Procedimiento de notificaci\u00f3n y recurso con arreglo al art\u00edculo 16 del ASD<\/h3><p id=\"p_lt_zoneContent_pageplaceholder_p_lt_zoneContent_Bernina_ParagraphTitleText5_litParagraph\">De conformidad con el art\u00edculo 16 de la DSA, las personas e instituciones tienen derecho a denunciar informaci\u00f3n sobre contenidos que consideren ilegales en nuestros servicios de alojamiento en este sitio web, incluidas las plataformas en l\u00ednea. Si encuentra contenidos il\u00edcitos, ilegales u ofensivos en la oferta en l\u00ednea de Visit San Donato Val di Comino, le agradecer\u00edamos que nos lo comunicara. Para ello, rellene el siguiente formulario o p\u00f3ngase en contacto con nosotros por correo electr\u00f3nico en la direcci\u00f3n indicada a continuaci\u00f3n, indicando en el asunto \"Oficina Central de Denuncias\".<\/p><p>Si desea enviar dicha declaraci\u00f3n, especifique los siguientes puntos:<\/p><ol><li>una explicaci\u00f3n debidamente razonada de por qu\u00e9 el usuario considera que la informaci\u00f3n en cuesti\u00f3n es un contenido ilegal;\u00a0<\/li><li value=\"2\">una indicaci\u00f3n clara de la ubicaci\u00f3n electr\u00f3nica exacta de dicha informaci\u00f3n, por ejemplo, la direcci\u00f3n o direcciones URL exactas o, en caso necesario, otra informaci\u00f3n pertinente para la naturaleza del contenido y el car\u00e1cter espec\u00edfico del servicio de detecci\u00f3n de contenidos il\u00edcitos;\u00a0<\/li><li value=\"3\">su nombre y direcci\u00f3n de correo electr\u00f3nico (excepto cuando se trate de informaci\u00f3n que usted considere relacionada con un delito de abuso sexual, explotaci\u00f3n sexual, pornograf\u00eda infantil, contacto con ni\u00f1os con fines sexuales, incitaci\u00f3n, complicidad o tentativa de cometer tales delitos). En estos u otros casos, si desea enviar una notificaci\u00f3n sin posibilidad de identificaci\u00f3n, puede ponerse en contacto con nosotros por tel\u00e9fono en el n\u00famero +39 0776 166 6274 (en italiano o ingl\u00e9s) o en la direcci\u00f3n postal que figura a continuaci\u00f3n (en todos los idiomas mencionados);<\/li><li value=\"4\">una declaraci\u00f3n de que el interesado est\u00e1 convencido de buena fe de la exactitud y exhaustividad de la informaci\u00f3n facilitada en la notificaci\u00f3n.<\/li><\/ol><\/div><div id=\"c1c48a4b-075e-4b01-892c-20eea941796c\" class=\"modal modal-hidden modal-sr\" tabindex=\"-1\" role=\"dialog\" data-plugin=\"modal\" aria-hidden=\"true\"><div class=\"modal-dialog content-popup-dialog content-popup-height\">\u00a0<\/div><\/div><div class=\"r-container r-text-block\"><h3 id=\"p_lt_zoneContent_pageplaceholder_p_lt_zoneContent_Bernina_ParagraphTitleText6_litTitleH3\">5. Sistema interno de tramitaci\u00f3n de reclamaciones de conformidad con el art\u00edculo 20 de la DSA<\/h3><p id=\"p_lt_zoneContent_pageplaceholder_p_lt_zoneContent_Bernina_ParagraphTitleText6_litParagraph\">Visit San Donato Val di Comino puede tomar ciertas decisiones restrictivas en relaci\u00f3n con el contenido o las cuentas de los usuarios de nuestros Servicios de Intermediaci\u00f3n, seg\u00fan lo dispuesto por la DSA, si considera que la informaci\u00f3n proporcionada a los usuarios constituye un contenido ilegal o es incompatible con los t\u00e9rminos y condiciones de la Plataforma. Visit San Donato Val di Comino puede decidir:\u00a0<\/p><ol><li>restringir o bloquear los contenidos o la informaci\u00f3n de los usuarios;\u00a0<\/li><li value=\"2\">suspender o poner fin, total o parcialmente, a la prestaci\u00f3n de nuestros servicios a los usuarios;\u00a0<\/li><li value=\"3\">suspender o cerrar la cuenta del usuario;\u00a0<\/li><li value=\"4\">limitar, suspender o interrumpir las posibilidades de monetizaci\u00f3n de los contenidos de los usuarios<\/li><\/ol><p>\u00a0<\/p><p>Si no est\u00e1 de acuerdo con dicha decisi\u00f3n, puede presentar una reclamaci\u00f3n gratuita contra dicha decisi\u00f3n de Visit San Donato Val di Comino a trav\u00e9s de nuestro sistema interno de tramitaci\u00f3n de reclamaciones. Las reclamaciones pueden presentarse en un plazo de 6 meses a partir de la recepci\u00f3n de la decisi\u00f3n impugnada por correo electr\u00f3nico a <a href=\"mailto:info@netlogiclab.it\">info@netlogiclab.it<\/a>. Las reclamaciones se tramitan de forma oportuna, no discriminatoria, cuidadosa y no arbitraria, bajo la supervisi\u00f3n de personal cualificado. Una vez tomada una decisi\u00f3n, se notificar\u00e1 inmediatamente al denunciante.\u00a0<\/p><\/div><div class=\"r-container r-text-block\"><h3 id=\"p_lt_zoneContent_pageplaceholder_p_lt_zoneContent_Bernina_ParagraphTitleText7_litTitleH3\">6. Posibilidad de resoluci\u00f3n extrajudicial de litigios en virtud del art\u00edculo 21 del ASD<\/h3><p id=\"p_lt_zoneContent_pageplaceholder_p_lt_zoneContent_Bernina_ParagraphTitleText7_litParagraph\">Para la resoluci\u00f3n de litigios relativos a las decisiones adoptadas en el marco de nuestro sistema interno de tramitaci\u00f3n de reclamaciones de conformidad con el art\u00edculo 5, tambi\u00e9n existe la posibilidad de una resoluci\u00f3n extrajudicial de litigios ante una de las denominadas entidades de resoluci\u00f3n extrajudicial de litigios autorizadas de conformidad con el art\u00edculo 21 de la DSR. Las entidades de resoluci\u00f3n extrajudicial de litigios autorizadas son organismos imparciales e independientes, expresamente autorizados por los Estados miembros de la UE, que, debido a su capacidad y experiencia, pueden examinar los litigios que se les remitan. Visit San Donato Val di Comino cooperar\u00e1 con la entidad de resoluci\u00f3n extrajudicial de litigios en cumplimiento de los requisitos legales. No obstante, Visit San Donato Val di Comino no estar\u00e1 vinculada por las decisiones del \u00f3rgano extrajudicial de resoluci\u00f3n de litigios.<\/p><p>La posibilidad de resoluci\u00f3n extrajudicial de litigios se entiende sin perjuicio del derecho del Usuario afectado a emprender acciones legales en cualquier momento, de conformidad con la legislaci\u00f3n aplicable, para impugnar las decisiones.\u00a0<\/p><\/div><div class=\"r-container r-text-block\"><h3 id=\"p_lt_zoneContent_pageplaceholder_p_lt_zoneContent_Bernina_ParagraphTitleText8_litTitleH3\">7. Medidas y protecci\u00f3n contra el uso indebido de conformidad con el art\u00edculo 23 de la DSA<\/h3><p id=\"p_lt_zoneContent_pageplaceholder_p_lt_zoneContent_Bernina_ParagraphTitleText8_litParagraph\">Visit San Donato Val di Comino, como proveedor en l\u00ednea, suspender\u00e1 durante un per\u00edodo de tiempo razonable, previo aviso, la prestaci\u00f3n de servicios a los usuarios que presenten con frecuencia contenidos manifiestamente ilegales. Visit San Donato Val di Comino suspender\u00e1 durante un per\u00edodo razonable, previo aviso, la tramitaci\u00f3n de las denuncias y quejas recibidas a trav\u00e9s de sus procedimientos de notificaci\u00f3n y resoluci\u00f3n o sistemas internos de tramitaci\u00f3n de quejas de personas o entidades o de denunciantes que presenten con frecuencia denuncias o quejas aparentemente infundadas. Para decidir sobre la suspensi\u00f3n, Visit San Donato Val di Comino evaluar\u00e1 con prontitud, detenimiento y objetividad, caso por caso, si el usuario, la persona, la instituci\u00f3n o el denunciante est\u00e1n implicados en un uso indebido, teniendo en cuenta todos los hechos y circunstancias pertinentes que se desprendan de la informaci\u00f3n disponible. Estas circunstancias, que Visit San Donato Val di Comino tendr\u00e1 en cuenta para evaluar el posible uso indebido y la duraci\u00f3n adecuada de cualquier suspensi\u00f3n, incluyen al menos:<\/p><ol><li>el n\u00famero absoluto de contenidos manifiestamente il\u00edcitos o de denuncias o quejas manifiestamente infundadas facilitadas o presentadas en un periodo de tiempo determinado; \u00a0<\/li><li value=\"2\">su cuota del n\u00famero total de divulgaciones individuales proporcionadas o notificadas en un periodo determinado; \u00a0<\/li><li value=\"3\">la gravedad de los casos de uso indebido, incluida la naturaleza del contenido infractor, y sus consecuencias; \u00a0<\/li><li value=\"4\">las intenciones del usuario, persona, organizaci\u00f3n o denunciante, en la medida en que dichas intenciones puedan determinarse.<\/li><\/ol><\/div><\/div>\t\t\t\t\t\t\t\t<\/div>\n\t\t\t\t\t<\/div>\n\t\t\t\t<\/div>\n\t\t\t\t<\/div>","protected":false},"excerpt":{"rendered":"<p>Il Digital Services Act (DSA &#8211; Legge sui servizi digitali, regolamento (UE) 2022\/2065) \u00e8 un regolamento dell&#8217;UE entrato in vigore il 16 novembre 2022. Tale regolamento mira a contribuire al corretto funzionamento del mercato interno dei servizi di intermediazione stabilendo norme armonizzate per un ambiente online sicuro, prevedibile e affidabile, che promuova l&#8217;innovazione e tuteli [&hellip;]<\/p>\n","protected":false},"author":1,"featured_media":0,"parent":0,"menu_order":0,"comment_status":"closed","ping_status":"closed","template":"","meta":{"footnotes":""},"class_list":["post-15300","page","type-page","status-publish","hentry"],"yoast_head":"<!-- This site is optimized with the Yoast SEO Premium plugin v26.7 (Yoast SEO v27.4) - https:\/\/yoast.com\/product\/yoast-seo-premium-wordpress\/ -->\n<title>Digital Services Act | Visit San Donato Val di Comino<\/title>\n<meta name=\"description\" content=\"Il Digital Services Act (DSA - Legge sui servizi digitali, regolamento (UE) 2022\/2065) \u00e8 un regolamento dell&#039;UE entrato in vigore il 16 novembre 2022.\" \/>\n<meta name=\"robots\" content=\"noindex, nofollow\" \/>\n<meta property=\"og:locale\" content=\"es_ES\" \/>\n<meta property=\"og:type\" content=\"article\" \/>\n<meta property=\"og:title\" content=\"Digital Services Act | Visit San Donato Val di Comino\" \/>\n<meta property=\"og:description\" content=\"Il Digital Services Act (DSA - Legge sui servizi digitali, regolamento (UE) 2022\/2065) \u00e8 un regolamento dell&#039;UE entrato in vigore il 16 novembre 2022.\" \/>\n<meta property=\"og:url\" content=\"https:\/\/beta.visitsandonatovaldicomino.it\/es\/dsa\/\" \/>\n<meta property=\"og:site_name\" content=\"Visit San Donato Val di Comino\" \/>\n<meta property=\"article:publisher\" content=\"https:\/\/www.facebook.com\/VisitSanDonatoValdiComino\" \/>\n<meta property=\"article:modified_time\" content=\"2025-03-15T10:16:50+00:00\" \/>\n<meta name=\"twitter:card\" content=\"summary_large_image\" \/>\n<!-- \/ Yoast SEO Premium plugin. -->","yoast_head_json":{"title":"Ley de Servicios Digitales | Visite San Donato Val di Comino","description":"La Ley de Servicios Digitales (DSA, Reglamento (UE) 2022\/2065) es un reglamento de la UE que entr\u00f3 en vigor el 16 de noviembre de 2022.","robots":{"index":"noindex","follow":"nofollow"},"og_locale":"es_ES","og_type":"article","og_title":"Digital Services Act | Visit San Donato Val di Comino","og_description":"Il Digital Services Act (DSA - Legge sui servizi digitali, regolamento (UE) 2022\/2065) \u00e8 un regolamento dell'UE entrato in vigore il 16 novembre 2022.","og_url":"https:\/\/beta.visitsandonatovaldicomino.it\/es\/dsa\/","og_site_name":"Visit San Donato Val di Comino","article_publisher":"https:\/\/www.facebook.com\/VisitSanDonatoValdiComino","article_modified_time":"2025-03-15T10:16:50+00:00","twitter_card":"summary_large_image","schema":{"@context":"https:\/\/schema.org","@graph":[{"@type":"WebPage","@id":"https:\/\/beta.visitsandonatovaldicomino.it\/dsa\/","url":"https:\/\/beta.visitsandonatovaldicomino.it\/dsa\/","name":"Ley de Servicios Digitales | Visite San Donato Val di Comino","isPartOf":{"@id":"https:\/\/beta.visitsandonatovaldicomino.it\/#website"},"datePublished":"2025-03-15T10:15:41+00:00","dateModified":"2025-03-15T10:16:50+00:00","description":"La Ley de Servicios Digitales (DSA, Reglamento (UE) 2022\/2065) es un reglamento de la UE que entr\u00f3 en vigor el 16 de noviembre de 2022.","breadcrumb":{"@id":"https:\/\/beta.visitsandonatovaldicomino.it\/dsa\/#breadcrumb"},"inLanguage":"es","potentialAction":[{"@type":"ReadAction","target":["https:\/\/beta.visitsandonatovaldicomino.it\/dsa\/"]}]},{"@type":"BreadcrumbList","@id":"https:\/\/beta.visitsandonatovaldicomino.it\/dsa\/#breadcrumb","itemListElement":[{"@type":"ListItem","position":1,"name":"Home","item":"https:\/\/beta.visitsandonatovaldicomino.it\/"},{"@type":"ListItem","position":2,"name":"Digital Services Act"}]},{"@type":"WebSite","@id":"https:\/\/beta.visitsandonatovaldicomino.it\/#website","url":"https:\/\/beta.visitsandonatovaldicomino.it\/","name":"Visit San Donato Val di Comino","description":"","publisher":{"@id":"https:\/\/beta.visitsandonatovaldicomino.it\/#organization"},"alternateName":"Visit San Donato","potentialAction":[{"@type":"SearchAction","target":{"@type":"EntryPoint","urlTemplate":"https:\/\/beta.visitsandonatovaldicomino.it\/?s={search_term_string}"},"query-input":{"@type":"PropertyValueSpecification","valueRequired":true,"valueName":"search_term_string"}}],"inLanguage":"es"},{"@type":"Organization","@id":"https:\/\/beta.visitsandonatovaldicomino.it\/#organization","name":"Visit San Donato Val di Comino","alternateName":"Visit San Donato","url":"https:\/\/beta.visitsandonatovaldicomino.it\/","logo":{"@type":"ImageObject","inLanguage":"es","@id":"https:\/\/beta.visitsandonatovaldicomino.it\/#\/schema\/logo\/image\/","url":"https:\/\/beta.visitsandonatovaldicomino.it\/wp-content\/uploads\/2023\/10\/Visit-San-Donato-Val-di-Comino-Logo-White.png","contentUrl":"https:\/\/beta.visitsandonatovaldicomino.it\/wp-content\/uploads\/2023\/10\/Visit-San-Donato-Val-di-Comino-Logo-White.png","width":1920,"height":1061,"caption":"Visit San Donato Val di Comino"},"image":{"@id":"https:\/\/beta.visitsandonatovaldicomino.it\/#\/schema\/logo\/image\/"},"sameAs":["https:\/\/www.facebook.com\/VisitSanDonatoValdiComino","https:\/\/www.instagram.com\/visit_sandonatovaldicomino"],"email":"info@visitsandonatovaldicomino.it","legalName":"Visit San Donato Val di Comino","foundingDate":"2024-05-01","numberOfEmployees":{"@type":"QuantitativeValue","minValue":"1","maxValue":"10"}}]}},"_links":{"self":[{"href":"https:\/\/beta.visitsandonatovaldicomino.it\/es\/wp-json\/wp\/v2\/pages\/15300","targetHints":{"allow":["GET"]}}],"collection":[{"href":"https:\/\/beta.visitsandonatovaldicomino.it\/es\/wp-json\/wp\/v2\/pages"}],"about":[{"href":"https:\/\/beta.visitsandonatovaldicomino.it\/es\/wp-json\/wp\/v2\/types\/page"}],"author":[{"embeddable":true,"href":"https:\/\/beta.visitsandonatovaldicomino.it\/es\/wp-json\/wp\/v2\/users\/1"}],"replies":[{"embeddable":true,"href":"https:\/\/beta.visitsandonatovaldicomino.it\/es\/wp-json\/wp\/v2\/comments?post=15300"}],"version-history":[{"count":4,"href":"https:\/\/beta.visitsandonatovaldicomino.it\/es\/wp-json\/wp\/v2\/pages\/15300\/revisions"}],"predecessor-version":[{"id":15304,"href":"https:\/\/beta.visitsandonatovaldicomino.it\/es\/wp-json\/wp\/v2\/pages\/15300\/revisions\/15304"}],"wp:attachment":[{"href":"https:\/\/beta.visitsandonatovaldicomino.it\/es\/wp-json\/wp\/v2\/media?parent=15300"}],"curies":[{"name":"wp","href":"https:\/\/api.w.org\/{rel}","templated":true}]}}