{"id":3346,"date":"2024-05-16T18:23:55","date_gmt":"2024-05-16T16:23:55","guid":{"rendered":"https:\/\/visitsandonatovaldicomino.it\/disconoscimento\/"},"modified":"2024-10-20T22:38:09","modified_gmt":"2024-10-20T20:38:09","slug":"desaveu","status":"publish","type":"page","link":"https:\/\/beta.visitsandonatovaldicomino.it\/fr\/desaveu\/","title":{"rendered":"D\u00e9saveu"},"content":{"rendered":"<div data-elementor-type=\"wp-page\" data-elementor-id=\"3346\" class=\"elementor elementor-3346\" data-elementor-post-type=\"page\">\n\t\t\t\t<div class=\"elementor-element elementor-element-d8958ef e-con-full e-flex e-con e-parent\" data-id=\"d8958ef\" data-element_type=\"container\" data-e-type=\"container\">\n\t\t\t\t<div class=\"elementor-element elementor-element-4ae3084 elementor-widget elementor-widget-template\" data-id=\"4ae3084\" data-element_type=\"widget\" data-e-type=\"widget\" data-widget_type=\"template.default\">\n\t\t\t\t<div class=\"elementor-widget-container\">\n\t\t\t\t\t\t\t<div class=\"elementor-template\">\n\t\t\t\t\t<div data-elementor-type=\"container\" data-elementor-id=\"1691\" class=\"elementor elementor-1691\" data-elementor-post-type=\"elementor_library\">\n\t\t\t\t<section class=\"elementor-element elementor-element-42700f7 pagetitle-header e-flex e-con-boxed e-con e-parent\" data-id=\"42700f7\" data-element_type=\"container\" data-e-type=\"container\" data-settings=\"{&quot;background_background&quot;:&quot;classic&quot;}\">\n\t\t\t\t\t<div class=\"e-con-inner\">\n\t\t\t\t<div class=\"elementor-element elementor-element-0de2a62 elementor-widget__width-inherit elementor-widget elementor-widget-heading\" data-id=\"0de2a62\" data-element_type=\"widget\" data-e-type=\"widget\" data-widget_type=\"heading.default\">\n\t\t\t\t\t<h1 class=\"elementor-heading-title elementor-size-default\">D\u00e9saveu<\/h1>\t\t\t\t<\/div>\n\t\t\t\t<div class=\"elementor-element elementor-element-93259c7 elementor-widget elementor-widget-breadcrumbs\" data-id=\"93259c7\" data-element_type=\"widget\" data-e-type=\"widget\" data-widget_type=\"breadcrumbs.default\">\n\t\t\t\t\t<p id=\"breadcrumbs\"><span><span><a href=\"https:\/\/beta.visitsandonatovaldicomino.it\/fr\/\">Accueil<\/a><\/span><\/span><\/p>\t\t\t\t<\/div>\n\t\t\t\t\t<\/div>\n\t\t\t\t<\/section>\n\t\t\t\t<\/div>\n\t\t\t\t<\/div>\n\t\t\t\t\t\t<\/div>\n\t\t\t\t<\/div>\n\t\t\t\t<\/div>\n\t\t<div class=\"elementor-element elementor-element-3520dbb9 e-flex e-con-boxed e-con e-parent\" data-id=\"3520dbb9\" data-element_type=\"container\" data-e-type=\"container\">\n\t\t\t\t\t<div class=\"e-con-inner\">\n\t\t\t\t<div class=\"elementor-element elementor-element-5eaca1d6 elementor-widget elementor-widget-shortcode\" data-id=\"5eaca1d6\" data-element_type=\"widget\" data-e-type=\"widget\" data-widget_type=\"shortcode.default\">\n\t\t\t\t\t\t\t<div class=\"elementor-shortcode\">\n<!-- Legal document generated by Complianz | GDPR\/CCPA Cookie Consent https:\/\/wordpress.org\/plugins\/complianz-gdpr -->\n<div id=\"cmplz-document\" class=\"cmplz-document disclaimer cmplz-document-all\"><p>Pellegrini Alessio s'engage \u00e0 maintenir ce site web \u00e0 jour en temps et en heure. Si toutefois vous rencontrez un probl\u00e8me ou des donn\u00e9es obsol\u00e8te, nous vous serions reconnaissants de nous le faire savoir. Veuillez indiquer o\u00f9 sur le site web vous lisez les informations incorrectes. Nous examinerons cela d\u00e8s que possible. Veuillez envoyer votre r\u00e9ponse par e-mail \u00e0 : <span class=\"cmplz-obfuscate\">info@<span class=\"cmplz-fmail-domain\">&#101;x.c&#111;&#109;<\/span>&#118;&#105;si&#116;sa&#110;don&#097;&#116;oval&#100;&#105;com&#105;n&#111;&#046;i&#116;<\/span>.<\/p><p>Nous ne sommes pas responsables des pertes r\u00e9sultant d'inexactitudes ou de lacunes, ni des pertes r\u00e9sultant de probl\u00e8mes caus\u00e9s par ou inh\u00e9rents \u00e0 la diffusion d'informations par Internet, tels que des perturbations ou des interruptions. Lors de l'utilisation de formulaires Web, nous nous effor\u00e7ons de limiter le nombre de champs obligatoires au minimum. Pour toute perte subie \u00e0 la suite de l'utilisation de donn\u00e9es, de conseils ou d'id\u00e9es fournis par ou au nom de Pellegrini Alessio via ce site web, Pellegrini Alessio n'assume aucune responsabilit\u00e9.<\/p><p>Les r\u00e9ponses et les demandes de renseignements personnelles soumises par e-mail ou \u00e0 l'aide d'un formulaire web seront trait\u00e9es de la m\u00eame mani\u00e8re que les lettres. Cela signifie que vous pouvez attendre une r\u00e9ponse de notre part dans un d\u00e9lai d'un mois au plus tard. En cas de demandes complexes, nous vous informerons dans un d\u00e9lai d'un mois si nous avons besoin d'un d\u00e9lai maximum de 3 mois.<\/p><p>Toutes les donn\u00e9es personnelles que vous nous fournissez dans le cadre de votre r\u00e9ponse ou de votre demande d'informations ne seront utilis\u00e9es que conform\u00e9ment \u00e0 notre d\u00e9claration de confidentialit\u00e9.<\/p><p>Pellegrini Alessio doit faire tous les efforts possibles pour prot\u00e9ger ses syst\u00e8mes contre toute forme d'utilisation illicite. Pellegrini Alessio doit mettre en \u0153uvre les mesures techniques et organisationnelles appropri\u00e9es \u00e0 cette fin, en tenant compte, entre autres, de l'\u00e9tat de l'art. Toutefois, il ne saurait \u00eatre tenu pour responsable de quelque pr\u00e9judice que ce soit, direct et\/ou indirect, subi par un utilisateur du site web, r\u00e9sultant de l'utilisation ill\u00e9gale de ses syst\u00e8mes par une tierce partie.<\/p><p>Pellegrini Alessio d\u00e9cline toute responsabilit\u00e9 quant au contenu des sites web auxquels ou \u00e0 partir desquels un hyperlien ou une autre r\u00e9f\u00e9rence est faite. Les produits ou services offerts par des tierces parties sont soumis aux termes et conditions applicables de ces tierces parties.<\/p><p>Nos employ\u00e9s s'efforcent de garantir l'accessibilit\u00e9 de notre site web et de l'am\u00e9liorer continuellement. Y compris pour les personnes qui utilisent un logiciel sp\u00e9cial en raison d'un handicap.<\/p><p>Ce site web est donc construit selon les directives WCAG 2.1 niveau AA. Ces lignes directrices sont des accords internationalement reconnus sur l'accessibilit\u00e9, la durabilit\u00e9, l'interchangeabilit\u00e9 et la visibilit\u00e9 des sites web.<\/p><p>Tous les droits de propri\u00e9t\u00e9 intellectuelle sur le contenu de ce site web sont d\u00e9tenus par Pellegrini Alessio ou par des tierces parties qui ont plac\u00e9 le contenu eux-m\u00eames ou de qui Pellegrini Alessio a obtenu une licence d'utilisation.<\/p><p>La copie, la diffusion et toute autre utilisation de ces documents sont interdites sans l'autorisation \u00e9crite de Pellegrini Alessio , sauf si et dans la mesure o\u00f9 le stipule une r\u00e9glementation imp\u00e9rative (telle que le droit de citer), sauf indication contraire du contenu.<\/p><p>Si vous avez des questions ou des probl\u00e8mes d'accessibilit\u00e9 du site, n'h\u00e9sitez pas \u00e0 nous contacter.<\/p><\/div><\/div>\n\t\t\t\t\t\t<\/div>\n\t\t\t\t\t<\/div>\n\t\t\t\t<\/div>\n\t\t\t\t<\/div>","protected":false},"excerpt":{"rendered":"","protected":false},"author":1,"featured_media":0,"parent":0,"menu_order":0,"comment_status":"closed","ping_status":"closed","template":"","meta":{"footnotes":""},"class_list":["post-3346","page","type-page","status-publish","hentry"],"yoast_head":"<!-- This site is optimized with the Yoast SEO Premium plugin v26.7 (Yoast SEO v27.4) - https:\/\/yoast.com\/product\/yoast-seo-premium-wordpress\/ -->\n<title>Disconoscimento | Visit San Donato Val di Comino<\/title>\n<meta name=\"robots\" content=\"noindex, nofollow\" \/>\n<meta property=\"og:locale\" content=\"fr_FR\" \/>\n<meta property=\"og:type\" content=\"article\" \/>\n<meta property=\"og:title\" content=\"Disconoscimento | Visit San Donato Val di Comino\" \/>\n<meta property=\"og:url\" content=\"https:\/\/beta.visitsandonatovaldicomino.it\/fr\/desaveu\/\" \/>\n<meta property=\"og:site_name\" content=\"Visit San Donato Val di Comino\" \/>\n<meta property=\"article:publisher\" content=\"https:\/\/www.facebook.com\/VisitSanDonatoValdiComino\" \/>\n<meta property=\"article:modified_time\" content=\"2024-10-20T20:38:09+00:00\" \/>\n<meta name=\"twitter:card\" content=\"summary_large_image\" \/>\n<!-- \/ Yoast SEO Premium plugin. -->","yoast_head_json":{"title":"Disavowal | Visit San Donato Val di Comino","robots":{"index":"noindex","follow":"nofollow"},"og_locale":"fr_FR","og_type":"article","og_title":"Disconoscimento | Visit San Donato Val di Comino","og_url":"https:\/\/beta.visitsandonatovaldicomino.it\/fr\/desaveu\/","og_site_name":"Visit San Donato Val di Comino","article_publisher":"https:\/\/www.facebook.com\/VisitSanDonatoValdiComino","article_modified_time":"2024-10-20T20:38:09+00:00","twitter_card":"summary_large_image","schema":{"@context":"https:\/\/schema.org","@graph":[{"@type":"WebPage","@id":"https:\/\/beta.visitsandonatovaldicomino.it\/disconoscimento\/","url":"https:\/\/beta.visitsandonatovaldicomino.it\/disconoscimento\/","name":"Disavowal | Visit San Donato Val di Comino","isPartOf":{"@id":"https:\/\/beta.visitsandonatovaldicomino.it\/#website"},"datePublished":"2024-05-16T16:23:55+00:00","dateModified":"2024-10-20T20:38:09+00:00","breadcrumb":{"@id":"https:\/\/beta.visitsandonatovaldicomino.it\/disconoscimento\/#breadcrumb"},"inLanguage":"fr-FR","potentialAction":[{"@type":"ReadAction","target":["https:\/\/beta.visitsandonatovaldicomino.it\/disconoscimento\/"]}]},{"@type":"BreadcrumbList","@id":"https:\/\/beta.visitsandonatovaldicomino.it\/disconoscimento\/#breadcrumb","itemListElement":[{"@type":"ListItem","position":1,"name":"Home","item":"https:\/\/beta.visitsandonatovaldicomino.it\/"},{"@type":"ListItem","position":2,"name":"Disconoscimento"}]},{"@type":"WebSite","@id":"https:\/\/beta.visitsandonatovaldicomino.it\/#website","url":"https:\/\/beta.visitsandonatovaldicomino.it\/","name":"Visit San Donato Val di Comino","description":"","publisher":{"@id":"https:\/\/beta.visitsandonatovaldicomino.it\/#organization"},"alternateName":"Visit San Donato","potentialAction":[{"@type":"SearchAction","target":{"@type":"EntryPoint","urlTemplate":"https:\/\/beta.visitsandonatovaldicomino.it\/?s={search_term_string}"},"query-input":{"@type":"PropertyValueSpecification","valueRequired":true,"valueName":"search_term_string"}}],"inLanguage":"fr-FR"},{"@type":"Organization","@id":"https:\/\/beta.visitsandonatovaldicomino.it\/#organization","name":"Visit San Donato Val di Comino","alternateName":"Visit San Donato","url":"https:\/\/beta.visitsandonatovaldicomino.it\/","logo":{"@type":"ImageObject","inLanguage":"fr-FR","@id":"https:\/\/beta.visitsandonatovaldicomino.it\/#\/schema\/logo\/image\/","url":"https:\/\/beta.visitsandonatovaldicomino.it\/wp-content\/uploads\/2023\/10\/Visit-San-Donato-Val-di-Comino-Logo-White.png","contentUrl":"https:\/\/beta.visitsandonatovaldicomino.it\/wp-content\/uploads\/2023\/10\/Visit-San-Donato-Val-di-Comino-Logo-White.png","width":1920,"height":1061,"caption":"Visit San Donato Val di Comino"},"image":{"@id":"https:\/\/beta.visitsandonatovaldicomino.it\/#\/schema\/logo\/image\/"},"sameAs":["https:\/\/www.facebook.com\/VisitSanDonatoValdiComino","https:\/\/www.instagram.com\/visit_sandonatovaldicomino"],"email":"info@visitsandonatovaldicomino.it","legalName":"Visit San Donato Val di Comino","foundingDate":"2024-05-01","numberOfEmployees":{"@type":"QuantitativeValue","minValue":"1","maxValue":"10"}}]}},"_links":{"self":[{"href":"https:\/\/beta.visitsandonatovaldicomino.it\/fr\/wp-json\/wp\/v2\/pages\/3346","targetHints":{"allow":["GET"]}}],"collection":[{"href":"https:\/\/beta.visitsandonatovaldicomino.it\/fr\/wp-json\/wp\/v2\/pages"}],"about":[{"href":"https:\/\/beta.visitsandonatovaldicomino.it\/fr\/wp-json\/wp\/v2\/types\/page"}],"author":[{"embeddable":true,"href":"https:\/\/beta.visitsandonatovaldicomino.it\/fr\/wp-json\/wp\/v2\/users\/1"}],"replies":[{"embeddable":true,"href":"https:\/\/beta.visitsandonatovaldicomino.it\/fr\/wp-json\/wp\/v2\/comments?post=3346"}],"version-history":[{"count":4,"href":"https:\/\/beta.visitsandonatovaldicomino.it\/fr\/wp-json\/wp\/v2\/pages\/3346\/revisions"}],"predecessor-version":[{"id":8539,"href":"https:\/\/beta.visitsandonatovaldicomino.it\/fr\/wp-json\/wp\/v2\/pages\/3346\/revisions\/8539"}],"wp:attachment":[{"href":"https:\/\/beta.visitsandonatovaldicomino.it\/fr\/wp-json\/wp\/v2\/media?parent=3346"}],"curies":[{"name":"wp","href":"https:\/\/api.w.org\/{rel}","templated":true}]}}