{"id":15300,"date":"2025-03-15T12:15:41","date_gmt":"2025-03-15T10:15:41","guid":{"rendered":"https:\/\/visitsandonatovaldicomino.it\/?page_id=15300"},"modified":"2025-03-15T12:16:50","modified_gmt":"2025-03-15T10:16:50","slug":"dsa","status":"publish","type":"page","link":"https:\/\/beta.visitsandonatovaldicomino.it\/pt\/dsa\/","title":{"rendered":"Lei dos Servi\u00e7os Digitais"},"content":{"rendered":"<div data-elementor-type=\"wp-page\" data-elementor-id=\"15300\" class=\"elementor elementor-15300\" data-elementor-post-type=\"page\">\n\t\t\t\t<div class=\"elementor-element elementor-element-9d47e00 e-con-full e-flex e-con e-parent\" data-id=\"9d47e00\" data-element_type=\"container\" data-e-type=\"container\">\n\t\t\t\t<div class=\"elementor-element elementor-element-ca27096 elementor-widget elementor-widget-template\" data-id=\"ca27096\" data-element_type=\"widget\" data-e-type=\"widget\" data-widget_type=\"template.default\">\n\t\t\t\t<div class=\"elementor-widget-container\">\n\t\t\t\t\t\t\t<div class=\"elementor-template\">\n\t\t\t\t\t<div data-elementor-type=\"container\" data-elementor-id=\"1691\" class=\"elementor elementor-1691\" data-elementor-post-type=\"elementor_library\">\n\t\t\t\t<section class=\"elementor-element elementor-element-42700f7 pagetitle-header e-flex e-con-boxed e-con e-parent\" data-id=\"42700f7\" data-element_type=\"container\" data-e-type=\"container\" data-settings=\"{&quot;background_background&quot;:&quot;classic&quot;}\">\n\t\t\t\t\t<div class=\"e-con-inner\">\n\t\t\t\t<div class=\"elementor-element elementor-element-0de2a62 elementor-widget__width-inherit elementor-widget elementor-widget-heading\" data-id=\"0de2a62\" data-element_type=\"widget\" data-e-type=\"widget\" data-widget_type=\"heading.default\">\n\t\t\t\t\t<h1 class=\"elementor-heading-title elementor-size-default\">Lei dos Servi\u00e7os Digitais<\/h1>\t\t\t\t<\/div>\n\t\t\t\t<div class=\"elementor-element elementor-element-93259c7 elementor-widget elementor-widget-breadcrumbs\" data-id=\"93259c7\" data-element_type=\"widget\" data-e-type=\"widget\" data-widget_type=\"breadcrumbs.default\">\n\t\t\t\t\t<p id=\"breadcrumbs\"><span><span><a href=\"https:\/\/beta.visitsandonatovaldicomino.it\/pt\/\">In\u00edcio<\/a><\/span><\/span><\/p>\t\t\t\t<\/div>\n\t\t\t\t\t<\/div>\n\t\t\t\t<\/section>\n\t\t\t\t<\/div>\n\t\t\t\t<\/div>\n\t\t\t\t\t\t<\/div>\n\t\t\t\t<\/div>\n\t\t\t\t<\/div>\n\t\t<div class=\"elementor-element elementor-element-844b684 e-flex e-con-boxed e-con e-parent\" data-id=\"844b684\" data-element_type=\"container\" data-e-type=\"container\">\n\t\t\t\t\t<div class=\"e-con-inner\">\n\t\t\t\t<div class=\"elementor-element elementor-element-de51362 elementor-widget elementor-widget-text-editor\" data-id=\"de51362\" data-element_type=\"widget\" data-e-type=\"widget\" data-widget_type=\"text-editor.default\">\n\t\t\t\t\t\t\t\t\t<div class=\"r-col-8 r-content-small\"><div class=\"r-container r-text-block\"><p id=\"p_lt_zoneContent_pageplaceholder_p_lt_zoneContent_Bernina_ParagraphTitleText_litParagraph\">A Lei dos Servi\u00e7os Digitais (DSA, Regulamento (UE) 2022\/2065) \u00e9 um regulamento da UE que entrou em vigor em 16 de novembro de 2022. Este regulamento visa contribuir para o bom funcionamento do mercado interno dos servi\u00e7os intermedi\u00e1rios, estabelecendo regras harmonizadas para um ambiente em linha seguro, previs\u00edvel e fi\u00e1vel que promova a inova\u00e7\u00e3o e proteja eficazmente os direitos fundamentais consagrados na Carta, incluindo o princ\u00edpio da prote\u00e7\u00e3o dos consumidores.<\/p><\/div><div class=\"r-container r-text-block\"><p id=\"p_lt_zoneContent_pageplaceholder_p_lt_zoneContent_Bernina_ParagraphTitleText1_litParagraph\">Na medida em que o Netlogic Lab di Alessio Pellegrini (a seguir designado \"Visit San Donato Val di Comino\") \u00e9 um prestador de servi\u00e7os intermedi\u00e1rio na ace\u00e7\u00e3o do DSA, aplica-se o seguinte:<\/p><\/div><div class=\"r-container r-text-block\"><h3 id=\"p_lt_zoneContent_pageplaceholder_p_lt_zoneContent_Bernina_ParagraphTitleText2_litTitleH3\">1. Ponto de contacto para as autoridades dos Estados-Membros, a Comiss\u00e3o e o Conselho de Administra\u00e7\u00e3o, bem como para os utilizadores nos termos dos artigos 11\u00ba e 12\u00ba do ASD<\/h3><p id=\"p_lt_zoneContent_pageplaceholder_p_lt_zoneContent_Bernina_ParagraphTitleText2_litParagraph\">prote\u00e7\u00e3o cruzada<br \/>Laborat\u00f3rio Netlogic<br \/>Via Mevati 1<br \/>San Donato Val di Comino (FR)<br \/>03046, It\u00e1lia<\/p><p>Correio eletr\u00f3nico: <a href=\"mailto:info@netlogiclab.it\">info@netlogiclab.it<\/a><\/p><p>Pode comunicar connosco em italiano ou ingl\u00eas.\u00a0<\/p><\/div><div class=\"r-container r-text-block\"><h3 id=\"p_lt_zoneContent_pageplaceholder_p_lt_zoneContent_Bernina_ParagraphTitleText3_litTitleH3\">2. Representante legal na ace\u00e7\u00e3o do artigo 13\u00ba da DSA<\/h3><p id=\"p_lt_zoneContent_pageplaceholder_p_lt_zoneContent_Bernina_ParagraphTitleText3_litParagraph\">prote\u00e7\u00e3o cruzada<br \/>Laborat\u00f3rio Netlogic<br \/>Via Mevati 1<br \/>San Donato Val di Comino (FR)<br \/>03046, It\u00e1lia<\/p><\/div><div class=\"r-container r-text-block\"><h3 id=\"p_lt_zoneContent_pageplaceholder_p_lt_zoneContent_Bernina_ParagraphTitleText4_litTitleH3\">3. Relat\u00f3rio de transpar\u00eancia nos termos dos artigos 15\u00ba e 24\u00ba da ASD<\/h3><p id=\"p_lt_zoneContent_pageplaceholder_p_lt_zoneContent_Bernina_ParagraphTitleText4_litParagraph\">O Relat\u00f3rio de Transpar\u00eancia, que deve ser disponibilizado uma vez por ano nos termos do n.\u00ba 1 do artigo 15.\u00ba do DSA e que inclui as modera\u00e7\u00f5es de conte\u00fado efectuadas durante o per\u00edodo anual em quest\u00e3o, \u00e9 publicado aqui uma vez por ano ap\u00f3s a sua elabora\u00e7\u00e3o.<\/p><p>O n\u00famero m\u00e9dio de utilizadores activos mensais na UE nos \u00faltimos seis meses, de acordo com o n.\u00ba 2 do artigo 24.\u00ba da DSA, foi significativamente inferior ao limiar decisivo de 45 milh\u00f5es de utilizadores.<\/p><\/div><div class=\"r-container r-text-block\"><h3 id=\"p_lt_zoneContent_pageplaceholder_p_lt_zoneContent_Bernina_ParagraphTitleText5_litTitleH3\">4. Procedimento de notifica\u00e7\u00e3o e recurso nos termos do artigo 16\u00ba do ASD<\/h3><p id=\"p_lt_zoneContent_pageplaceholder_p_lt_zoneContent_Bernina_ParagraphTitleText5_litParagraph\">Nos termos do artigo 16.\u00ba do DSA, os indiv\u00edduos e as institui\u00e7\u00f5es t\u00eam o direito de comunicar informa\u00e7\u00f5es sobre conte\u00fados que considerem ilegais nos nossos servi\u00e7os de alojamento neste s\u00edtio Web, incluindo plataformas em linha. Se encontrar conte\u00fados il\u00edcitos, ilegais ou ofensivos nas ofertas em linha de Visit San Donato Val di Comino, agradecemos que nos comunique. Para tal, \u00e9 favor preencher o formul\u00e1rio abaixo ou contactar-nos por correio eletr\u00f3nico para o endere\u00e7o abaixo indicado, indicando \"Central de den\u00fancias\" na linha de assunto.<\/p><p>Se desejar enviar uma declara\u00e7\u00e3o deste tipo, queira especificar os seguintes pontos:<\/p><ol><li>uma explica\u00e7\u00e3o devidamente fundamentada da raz\u00e3o pela qual o utilizador considera que a informa\u00e7\u00e3o em quest\u00e3o \u00e9 um conte\u00fado ilegal;\u00a0<\/li><li value=\"2\">uma indica\u00e7\u00e3o clara da localiza\u00e7\u00e3o eletr\u00f3nica exacta dessas informa\u00e7\u00f5es, por exemplo, o(s) endere\u00e7o(s) URL exato(s) ou, se necess\u00e1rio, outras informa\u00e7\u00f5es relevantes para a natureza do conte\u00fado e a natureza espec\u00edfica do servi\u00e7o de dete\u00e7\u00e3o de conte\u00fados ilegais;\u00a0<\/li><li value=\"3\">o seu nome e endere\u00e7o de correio eletr\u00f3nico (exceto quando se trata de informa\u00e7\u00f5es que acredita estarem relacionadas com um crime de abuso sexual, explora\u00e7\u00e3o sexual, pornografia infantil, contacto com crian\u00e7as para fins sexuais, incita\u00e7\u00e3o, ajuda ou cumplicidade ou tentativa de cometer tais crimes). Nestes ou noutros casos, se desejar enviar uma notifica\u00e7\u00e3o sem possibilidade de identifica\u00e7\u00e3o, pode contactar-nos atrav\u00e9s do telefone +39 0776 166 6274 (em italiano ou ingl\u00eas) ou do endere\u00e7o postal abaixo indicado (em todas as l\u00ednguas acima referidas);<\/li><li value=\"4\">uma declara\u00e7\u00e3o de que a pessoa em causa est\u00e1 convencida, de boa f\u00e9, da exatid\u00e3o e do car\u00e1cter exaustivo das informa\u00e7\u00f5es fornecidas na notifica\u00e7\u00e3o.<\/li><\/ol><\/div><div id=\"c1c48a4b-075e-4b01-892c-20eea941796c\" class=\"modal modal-hidden modal-sr\" tabindex=\"-1\" role=\"dialog\" data-plugin=\"modal\" aria-hidden=\"true\"><div class=\"modal-dialog content-popup-dialog content-popup-height\">\u00a0<\/div><\/div><div class=\"r-container r-text-block\"><h3 id=\"p_lt_zoneContent_pageplaceholder_p_lt_zoneContent_Bernina_ParagraphTitleText6_litTitleH3\">5. Sistema interno de tratamento de queixas nos termos do artigo 20\u00ba da ASD<\/h3><p id=\"p_lt_zoneContent_pageplaceholder_p_lt_zoneContent_Bernina_ParagraphTitleText6_litParagraph\">Visit San Donato Val di Comino pode tomar certas decis\u00f5es restritivas em rela\u00e7\u00e3o ao conte\u00fado ou \u00e0s contas dos utilizadores dos nossos Servi\u00e7os de Corretagem, tal como previsto pela DSA, se considerar que as informa\u00e7\u00f5es fornecidas aos utilizadores constituem conte\u00fados ilegais ou s\u00e3o incompat\u00edveis com os termos e condi\u00e7\u00f5es da Plataforma. Visit San Donato Val di Comino pode decidir:\u00a0<\/p><ol><li>restringir ou bloquear conte\u00fados ou informa\u00e7\u00f5es dos utilizadores;\u00a0<\/li><li value=\"2\">suspender ou terminar, no todo ou em parte, a presta\u00e7\u00e3o dos nossos servi\u00e7os aos utilizadores;\u00a0<\/li><li value=\"3\">suspender ou encerrar a conta do utilizador;\u00a0<\/li><li value=\"4\">limitar, suspender ou interromper as possibilidades de rentabiliza\u00e7\u00e3o dos conte\u00fados dos utilizadores<\/li><\/ol><p>\u00a0<\/p><p>Se o utilizador n\u00e3o concordar com essa decis\u00e3o, pode apresentar uma queixa gratuita contra essa decis\u00e3o de Visit San Donato Val di Comino atrav\u00e9s do nosso sistema interno de tratamento de queixas. As queixas podem ser apresentadas no prazo de 6 meses a contar da rece\u00e7\u00e3o da decis\u00e3o contestada, por correio eletr\u00f3nico, para <a href=\"mailto:info@netlogiclab.it\">info@netlogiclab.it<\/a>. As queixas s\u00e3o tratadas de forma atempada, n\u00e3o discriminat\u00f3ria, cuidadosa e n\u00e3o arbitr\u00e1ria, sob a supervis\u00e3o de pessoal qualificado. Uma vez tomada uma decis\u00e3o, notificaremos imediatamente o queixoso.\u00a0<\/p><\/div><div class=\"r-container r-text-block\"><h3 id=\"p_lt_zoneContent_pageplaceholder_p_lt_zoneContent_Bernina_ParagraphTitleText7_litTitleH3\">6. Possibilidade de resolu\u00e7\u00e3o extrajudicial de lit\u00edgios nos termos do artigo 21\u00ba do ADS<\/h3><p id=\"p_lt_zoneContent_pageplaceholder_p_lt_zoneContent_Bernina_ParagraphTitleText7_litParagraph\">Para a resolu\u00e7\u00e3o de lit\u00edgios relativos a decis\u00f5es tomadas no \u00e2mbito do nosso sistema interno de tratamento de reclama\u00e7\u00f5es, nos termos do artigo 5.\u00ba, existe tamb\u00e9m a possibilidade de resolu\u00e7\u00e3o extrajudicial de lit\u00edgios junto de uma entidade de resolu\u00e7\u00e3o extrajudicial de lit\u00edgios autorizada, nos termos do artigo 21. As entidades de resolu\u00e7\u00e3o extrajudicial de lit\u00edgios autorizadas s\u00e3o organismos imparciais e independentes, expressamente autorizados pelos Estados-Membros da UE, que, devido \u00e0 sua capacidade e compet\u00eancia, est\u00e3o em condi\u00e7\u00f5es de examinar os lit\u00edgios que lhes s\u00e3o submetidos. Visit San Donato Val di Comino cooperar\u00e1 com a entidade de RAL na resolu\u00e7\u00e3o dos lit\u00edgios em conformidade com os requisitos legais. No entanto, Visit San Donato Val di Comino n\u00e3o est\u00e1 vinculada \u00e0s decis\u00f5es da entidade de resolu\u00e7\u00e3o extrajudicial de lit\u00edgios.<\/p><p>A possibilidade de resolu\u00e7\u00e3o extrajudicial de lit\u00edgios n\u00e3o prejudica o direito do Utilizador em causa de intentar uma a\u00e7\u00e3o judicial em qualquer momento, nos termos da legisla\u00e7\u00e3o aplic\u00e1vel, para contestar decis\u00f5es.\u00a0<\/p><\/div><div class=\"r-container r-text-block\"><h3 id=\"p_lt_zoneContent_pageplaceholder_p_lt_zoneContent_Bernina_ParagraphTitleText8_litTitleH3\">7. Medidas e prote\u00e7\u00e3o contra a utiliza\u00e7\u00e3o abusiva nos termos do artigo 23\u00ba da ASD<\/h3><p id=\"p_lt_zoneContent_pageplaceholder_p_lt_zoneContent_Bernina_ParagraphTitleText8_litParagraph\">Visit San Donato Val di Comino, na qualidade de fornecedor em linha, suspende a presta\u00e7\u00e3o de servi\u00e7os aos utilizadores que fornecem frequentemente conte\u00fados manifestamente ilegais por um per\u00edodo de tempo razo\u00e1vel ap\u00f3s notifica\u00e7\u00e3o. Visit San Donato Val di Comino suspende por um per\u00edodo razo\u00e1vel, mediante aviso pr\u00e9vio, o tratamento das den\u00fancias e reclama\u00e7\u00f5es recebidas atrav\u00e9s dos seus procedimentos de comunica\u00e7\u00e3o e resolu\u00e7\u00e3o ou dos sistemas internos de tratamento de reclama\u00e7\u00f5es de pessoas ou entidades ou de queixosos que apresentam frequentemente den\u00fancias ou reclama\u00e7\u00f5es aparentemente infundadas. Ao decidir sobre a suspens\u00e3o, Visit San Donato Val di Comino avaliar\u00e1 pronta, cuidadosa e objetivamente, caso a caso, se o utilizador, a pessoa, a institui\u00e7\u00e3o ou o queixoso est\u00e1 envolvido em utiliza\u00e7\u00f5es abusivas, tendo em conta todos os factos e circunst\u00e2ncias relevantes decorrentes das informa\u00e7\u00f5es dispon\u00edveis. Estas circunst\u00e2ncias, que Visit San Donato Val di Comino ter\u00e1 em conta na avalia\u00e7\u00e3o da eventual utiliza\u00e7\u00e3o abusiva e da dura\u00e7\u00e3o adequada de uma eventual suspens\u00e3o, incluem pelo menos<\/p><ol><li>o n\u00famero absoluto de conte\u00fados manifestamente ilegais ou de relat\u00f3rios ou queixas manifestamente infundados fornecidos ou apresentados num determinado per\u00edodo de tempo; \u00a0<\/li><li value=\"2\">a sua quota do n\u00famero total de divulga\u00e7\u00f5es individuais efectuadas ou comunicadas num determinado per\u00edodo; \u00a0<\/li><li value=\"3\">a gravidade dos casos de utiliza\u00e7\u00e3o abusiva, incluindo a natureza do conte\u00fado ofensivo, e as suas consequ\u00eancias; \u00a0<\/li><li value=\"4\">as inten\u00e7\u00f5es do utilizador, da pessoa, da organiza\u00e7\u00e3o ou do queixoso, na medida em que essas inten\u00e7\u00f5es possam ser determinadas.<\/li><\/ol><\/div><\/div>\t\t\t\t\t\t\t\t<\/div>\n\t\t\t\t\t<\/div>\n\t\t\t\t<\/div>\n\t\t\t\t<\/div>","protected":false},"excerpt":{"rendered":"<p>Il Digital Services Act (DSA &#8211; Legge sui servizi digitali, regolamento (UE) 2022\/2065) \u00e8 un regolamento dell&#8217;UE entrato in vigore il 16 novembre 2022. Tale regolamento mira a contribuire al corretto funzionamento del mercato interno dei servizi di intermediazione stabilendo norme armonizzate per un ambiente online sicuro, prevedibile e affidabile, che promuova l&#8217;innovazione e tuteli [&hellip;]<\/p>\n","protected":false},"author":1,"featured_media":0,"parent":0,"menu_order":0,"comment_status":"closed","ping_status":"closed","template":"","meta":{"footnotes":""},"class_list":["post-15300","page","type-page","status-publish","hentry"],"yoast_head":"<!-- This site is optimized with the Yoast SEO Premium plugin v26.7 (Yoast SEO v27.4) - https:\/\/yoast.com\/product\/yoast-seo-premium-wordpress\/ -->\n<title>Digital Services Act | Visit San Donato Val di Comino<\/title>\n<meta name=\"description\" content=\"Il Digital Services Act (DSA - Legge sui servizi digitali, regolamento (UE) 2022\/2065) \u00e8 un regolamento dell&#039;UE entrato in vigore il 16 novembre 2022.\" \/>\n<meta name=\"robots\" content=\"noindex, nofollow\" \/>\n<meta property=\"og:locale\" content=\"pt_PT\" \/>\n<meta property=\"og:type\" content=\"article\" \/>\n<meta property=\"og:title\" content=\"Digital Services Act | Visit San Donato Val di Comino\" \/>\n<meta property=\"og:description\" content=\"Il Digital Services Act (DSA - Legge sui servizi digitali, regolamento (UE) 2022\/2065) \u00e8 un regolamento dell&#039;UE entrato in vigore il 16 novembre 2022.\" \/>\n<meta property=\"og:url\" content=\"https:\/\/beta.visitsandonatovaldicomino.it\/pt\/dsa\/\" \/>\n<meta property=\"og:site_name\" content=\"Visit San Donato Val di Comino\" \/>\n<meta property=\"article:publisher\" content=\"https:\/\/www.facebook.com\/VisitSanDonatoValdiComino\" \/>\n<meta property=\"article:modified_time\" content=\"2025-03-15T10:16:50+00:00\" \/>\n<meta name=\"twitter:card\" content=\"summary_large_image\" \/>\n<!-- \/ Yoast SEO Premium plugin. -->","yoast_head_json":{"title":"Lei dos Servi\u00e7os Digitais | Visitar San Donato Val di Comino","description":"A Lei dos Servi\u00e7os Digitais (DSA, Regulamento (UE) 2022\/2065) \u00e9 um regulamento da UE que entrou em vigor em 16 de novembro de 2022.","robots":{"index":"noindex","follow":"nofollow"},"og_locale":"pt_PT","og_type":"article","og_title":"Digital Services Act | Visit San Donato Val di Comino","og_description":"Il Digital Services Act (DSA - Legge sui servizi digitali, regolamento (UE) 2022\/2065) \u00e8 un regolamento dell'UE entrato in vigore il 16 novembre 2022.","og_url":"https:\/\/beta.visitsandonatovaldicomino.it\/pt\/dsa\/","og_site_name":"Visit San Donato Val di Comino","article_publisher":"https:\/\/www.facebook.com\/VisitSanDonatoValdiComino","article_modified_time":"2025-03-15T10:16:50+00:00","twitter_card":"summary_large_image","schema":{"@context":"https:\/\/schema.org","@graph":[{"@type":"WebPage","@id":"https:\/\/beta.visitsandonatovaldicomino.it\/dsa\/","url":"https:\/\/beta.visitsandonatovaldicomino.it\/dsa\/","name":"Lei dos Servi\u00e7os Digitais | Visitar San Donato Val di Comino","isPartOf":{"@id":"https:\/\/beta.visitsandonatovaldicomino.it\/#website"},"datePublished":"2025-03-15T10:15:41+00:00","dateModified":"2025-03-15T10:16:50+00:00","description":"A Lei dos Servi\u00e7os Digitais (DSA, Regulamento (UE) 2022\/2065) \u00e9 um regulamento da UE que entrou em vigor em 16 de novembro de 2022.","breadcrumb":{"@id":"https:\/\/beta.visitsandonatovaldicomino.it\/dsa\/#breadcrumb"},"inLanguage":"pt-PT","potentialAction":[{"@type":"ReadAction","target":["https:\/\/beta.visitsandonatovaldicomino.it\/dsa\/"]}]},{"@type":"BreadcrumbList","@id":"https:\/\/beta.visitsandonatovaldicomino.it\/dsa\/#breadcrumb","itemListElement":[{"@type":"ListItem","position":1,"name":"Home","item":"https:\/\/beta.visitsandonatovaldicomino.it\/"},{"@type":"ListItem","position":2,"name":"Digital Services Act"}]},{"@type":"WebSite","@id":"https:\/\/beta.visitsandonatovaldicomino.it\/#website","url":"https:\/\/beta.visitsandonatovaldicomino.it\/","name":"Visit San Donato Val di Comino","description":"","publisher":{"@id":"https:\/\/beta.visitsandonatovaldicomino.it\/#organization"},"alternateName":"Visit San Donato","potentialAction":[{"@type":"SearchAction","target":{"@type":"EntryPoint","urlTemplate":"https:\/\/beta.visitsandonatovaldicomino.it\/?s={search_term_string}"},"query-input":{"@type":"PropertyValueSpecification","valueRequired":true,"valueName":"search_term_string"}}],"inLanguage":"pt-PT"},{"@type":"Organization","@id":"https:\/\/beta.visitsandonatovaldicomino.it\/#organization","name":"Visit San Donato Val di Comino","alternateName":"Visit San Donato","url":"https:\/\/beta.visitsandonatovaldicomino.it\/","logo":{"@type":"ImageObject","inLanguage":"pt-PT","@id":"https:\/\/beta.visitsandonatovaldicomino.it\/#\/schema\/logo\/image\/","url":"https:\/\/beta.visitsandonatovaldicomino.it\/wp-content\/uploads\/2023\/10\/Visit-San-Donato-Val-di-Comino-Logo-White.png","contentUrl":"https:\/\/beta.visitsandonatovaldicomino.it\/wp-content\/uploads\/2023\/10\/Visit-San-Donato-Val-di-Comino-Logo-White.png","width":1920,"height":1061,"caption":"Visit San Donato Val di Comino"},"image":{"@id":"https:\/\/beta.visitsandonatovaldicomino.it\/#\/schema\/logo\/image\/"},"sameAs":["https:\/\/www.facebook.com\/VisitSanDonatoValdiComino","https:\/\/www.instagram.com\/visit_sandonatovaldicomino"],"email":"info@visitsandonatovaldicomino.it","legalName":"Visit San Donato Val di Comino","foundingDate":"2024-05-01","numberOfEmployees":{"@type":"QuantitativeValue","minValue":"1","maxValue":"10"}}]}},"_links":{"self":[{"href":"https:\/\/beta.visitsandonatovaldicomino.it\/pt\/wp-json\/wp\/v2\/pages\/15300","targetHints":{"allow":["GET"]}}],"collection":[{"href":"https:\/\/beta.visitsandonatovaldicomino.it\/pt\/wp-json\/wp\/v2\/pages"}],"about":[{"href":"https:\/\/beta.visitsandonatovaldicomino.it\/pt\/wp-json\/wp\/v2\/types\/page"}],"author":[{"embeddable":true,"href":"https:\/\/beta.visitsandonatovaldicomino.it\/pt\/wp-json\/wp\/v2\/users\/1"}],"replies":[{"embeddable":true,"href":"https:\/\/beta.visitsandonatovaldicomino.it\/pt\/wp-json\/wp\/v2\/comments?post=15300"}],"version-history":[{"count":4,"href":"https:\/\/beta.visitsandonatovaldicomino.it\/pt\/wp-json\/wp\/v2\/pages\/15300\/revisions"}],"predecessor-version":[{"id":15304,"href":"https:\/\/beta.visitsandonatovaldicomino.it\/pt\/wp-json\/wp\/v2\/pages\/15300\/revisions\/15304"}],"wp:attachment":[{"href":"https:\/\/beta.visitsandonatovaldicomino.it\/pt\/wp-json\/wp\/v2\/media?parent=15300"}],"curies":[{"name":"wp","href":"https:\/\/api.w.org\/{rel}","templated":true}]}}